{"id":5533,"date":"2016-01-21T11:43:44","date_gmt":"2016-01-21T10:43:44","guid":{"rendered":"http:\/\/www.woll-gefuehl.de\/blog\/?page_id=5533"},"modified":"2026-04-19T15:52:20","modified_gmt":"2026-04-19T13:52:20","slug":"oeffnungszeiten","status":"publish","type":"page","link":"http:\/\/www.woll-gefuehl.de\/blog\/?page_id=5533","title":{"rendered":"\u00d6ffnungszeiten"},"content":{"rendered":"<p>Das Ladengesch\u00e4ft in Wipfeld ist zu folgenden Zeiten ge\u00f6ffnet:<\/p>\n<p>Montag 14.00-18.00 Uhr<\/p>\n<p>Dienstag 14.00-18.00 Uhr<\/p>\n<p>Mittwoch nur nach vorheriger Vereinbarung<\/p>\n<p>Donnerstag 14.00-18.00 Uhr<\/p>\n<p>Freitag 14.00-18.00 Uhr<\/p>\n","protected":false},"excerpt":{"rendered":"<p>Das Ladengesch\u00e4ft in Wipfeld ist zu folgenden Zeiten ge\u00f6ffnet: Montag 14.00-18.00 Uhr Dienstag 14.00-18.00 Uhr Mittwoch nur nach vorheriger Vereinbarung Donnerstag 14.00-18.00 Uhr Freitag 14.00-18.00 Uhr<\/p>\n","protected":false},"author":1,"featured_media":0,"parent":0,"menu_order":3,"comment_status":"closed","ping_status":"closed","template":"","meta":{"footnotes":""},"class_list":["post-5533","page","type-page","status-publish","hentry"],"_links":{"self":[{"href":"http:\/\/www.woll-gefuehl.de\/blog\/index.php?rest_route=\/wp\/v2\/pages\/5533","targetHints":{"allow":["GET"]}}],"collection":[{"href":"http:\/\/www.woll-gefuehl.de\/blog\/index.php?rest_route=\/wp\/v2\/pages"}],"about":[{"href":"http:\/\/www.woll-gefuehl.de\/blog\/index.php?rest_route=\/wp\/v2\/types\/page"}],"author":[{"embeddable":true,"href":"http:\/\/www.woll-gefuehl.de\/blog\/index.php?rest_route=\/wp\/v2\/users\/1"}],"replies":[{"embeddable":true,"href":"http:\/\/www.woll-gefuehl.de\/blog\/index.php?rest_route=%2Fwp%2Fv2%2Fcomments&post=5533"}],"version-history":[{"count":2,"href":"http:\/\/www.woll-gefuehl.de\/blog\/index.php?rest_route=\/wp\/v2\/pages\/5533\/revisions"}],"predecessor-version":[{"id":8118,"href":"http:\/\/www.woll-gefuehl.de\/blog\/index.php?rest_route=\/wp\/v2\/pages\/5533\/revisions\/8118"}],"wp:attachment":[{"href":"http:\/\/www.woll-gefuehl.de\/blog\/index.php?rest_route=%2Fwp%2Fv2%2Fmedia&parent=5533"}],"curies":[{"name":"wp","href":"https:\/\/api.w.org\/{rel}","templated":true}]}}